{"id":51314,"date":"2023-06-26T21:54:40","date_gmt":"2023-06-26T18:54:40","guid":{"rendered":"https:\/\/artgrid.gr\/?post_type=product&#038;p=51314"},"modified":"2026-04-25T09:13:32","modified_gmt":"2026-04-25T06:13:32","slug":"in-the-mammal-of-life","status":"publish","type":"product","link":"https:\/\/artgrid.gr\/en\/product\/in-the-mammal-of-life\/","title":{"rendered":"In the mammal of Life"},"content":{"rendered":"<p>Chrysoula Demagkou, \u201cIn the mammal of Life\u201d, acrylic on canvas, 100 x 100 cm, 2025. Estimated price: \u20ac1000<\/p>\n","protected":false},"excerpt":{"rendered":"<p>Chryssoula Demagou is a painter. She was born and raised in Athens, where she lives and works to this day. She is a graduate of the Department of Political Science at Panteion University of Athens, while she also studied French language and culture at the Institut Fran\u00e7ais de Gr\u00e8ce. She pursued long-term private studies in art and worked for several years as an artistic collaborator with Club M\u00e9diterran\u00e9e.<\/p>\n<p>She has presented her work in dozens of exhibitions. Her works are held in private collections. She has been collaborating with <strong><a href=\"https:\/\/artgrid.gr\/en\/arcgreece\/\">ARC &#8211; Art Revisited Collective<\/a><\/strong> since April 2026.<\/p>\n","protected":false},"featured_media":51244,"template":"","meta":{"ocean_post_layout":"","ocean_both_sidebars_style":"","ocean_both_sidebars_content_width":0,"ocean_both_sidebars_sidebars_width":0,"ocean_sidebar":"0","ocean_second_sidebar":"0","ocean_disable_margins":"enable","ocean_add_body_class":"","ocean_shortcode_before_top_bar":"","ocean_shortcode_after_top_bar":"","ocean_shortcode_before_header":"","ocean_shortcode_after_header":"","ocean_has_shortcode":"","ocean_shortcode_after_title":"","ocean_shortcode_before_footer_widgets":"","ocean_shortcode_after_footer_widgets":"","ocean_shortcode_before_footer_bottom":"","ocean_shortcode_after_footer_bottom":"","ocean_display_top_bar":"default","ocean_display_header":"default","ocean_header_style":"","ocean_center_header_left_menu":"0","ocean_custom_header_template":"0","ocean_custom_logo":0,"ocean_custom_retina_logo":0,"ocean_custom_logo_max_width":0,"ocean_custom_logo_tablet_max_width":0,"ocean_custom_logo_mobile_max_width":0,"ocean_custom_logo_max_height":0,"ocean_custom_logo_tablet_max_height":0,"ocean_custom_logo_mobile_max_height":0,"ocean_header_custom_menu":"0","ocean_menu_typo_font_family":"0","ocean_menu_typo_font_subset":"","ocean_menu_typo_font_size":0,"ocean_menu_typo_font_size_tablet":0,"ocean_menu_typo_font_size_mobile":0,"ocean_menu_typo_font_size_unit":"px","ocean_menu_typo_font_weight":"","ocean_menu_typo_font_weight_tablet":"","ocean_menu_typo_font_weight_mobile":"","ocean_menu_typo_transform":"","ocean_menu_typo_transform_tablet":"","ocean_menu_typo_transform_mobile":"","ocean_menu_typo_line_height":0,"ocean_menu_typo_line_height_tablet":0,"ocean_menu_typo_line_height_mobile":0,"ocean_menu_typo_line_height_unit":"","ocean_menu_typo_spacing":0,"ocean_menu_typo_spacing_tablet":0,"ocean_menu_typo_spacing_mobile":0,"ocean_menu_typo_spacing_unit":"","ocean_menu_link_color":"","ocean_menu_link_color_hover":"","ocean_menu_link_color_active":"","ocean_menu_link_background":"","ocean_menu_link_hover_background":"","ocean_menu_link_active_background":"","ocean_menu_social_links_bg":"","ocean_menu_social_hover_links_bg":"","ocean_menu_social_links_color":"","ocean_menu_social_hover_links_color":"","ocean_disable_title":"default","ocean_disable_heading":"default","ocean_post_title":"","ocean_post_subheading":"","ocean_post_title_style":"","ocean_post_title_background_color":"","ocean_post_title_background":0,"ocean_post_title_bg_image_position":"","ocean_post_title_bg_image_attachment":"","ocean_post_title_bg_image_repeat":"","ocean_post_title_bg_image_size":"","ocean_post_title_height":0,"ocean_post_title_bg_overlay":0.5,"ocean_post_title_bg_overlay_color":"","ocean_disable_breadcrumbs":"default","ocean_breadcrumbs_color":"","ocean_breadcrumbs_separator_color":"","ocean_breadcrumbs_links_color":"","ocean_breadcrumbs_links_hover_color":"","ocean_display_footer_widgets":"default","ocean_display_footer_bottom":"default","ocean_custom_footer_template":"0"},"product_brand":[],"product_cat":[2303],"product_tag":[2842],"class_list":{"0":"post-51314","1":"product","2":"type-product","3":"status-publish","4":"has-post-thumbnail","6":"product_cat-2303","7":"product_tag---en","9":"entry","10":"has-media","12":"first","13":"outofstock","14":"sold-individually","15":"taxable","16":"shipping-taxable","17":"purchasable","18":"product-type-simple","19":"col","20":"span_1_of_3","21":"owp-content-center","22":"owp-thumbs-layout-vertical","23":"owp-btn-very-big","24":"owp-tabs-layout-vertical","25":"has-no-thumbnails"},"yoast_head":"<!-- This site is optimized with the Yoast SEO plugin v26.6 - https:\/\/yoast.com\/wordpress\/plugins\/seo\/ -->\n<title>In the mammal of Life - ARTgrID<\/title>\n<meta name=\"robots\" content=\"index, follow, max-snippet:-1, max-image-preview:large, max-video-preview:-1\" \/>\n<link rel=\"canonical\" href=\"https:\/\/artgrid.gr\/en\/product\/in-the-mammal-of-life\/\" \/>\n<meta property=\"og:locale\" content=\"en_US\" \/>\n<meta property=\"og:type\" content=\"article\" \/>\n<meta property=\"og:title\" content=\"In the mammal of Life - ARTgrID\" \/>\n<meta property=\"og:description\" content=\"Chryssoula Demagou is a painter. She was born and raised in Athens, where she lives and works to this day. She is a graduate of the Department of Political Science at Panteion University of Athens, while she also studied French language and culture at the Institut Fran\u00e7ais de Gr\u00e8ce. She pursued long-term private studies in art and worked for several years as an artistic collaborator with Club M\u00e9diterran\u00e9e.  She has presented her work in dozens of exhibitions. Her works are held in private collections. She has been collaborating with ARC - Art Revisited Collective since April 2026.\" \/>\n<meta property=\"og:url\" content=\"https:\/\/artgrid.gr\/en\/product\/in-the-mammal-of-life\/\" \/>\n<meta property=\"og:site_name\" content=\"ARTgrID\" \/>\n<meta property=\"article:publisher\" content=\"https:\/\/www.facebook.com\/artgrid.gr\" \/>\n<meta property=\"article:modified_time\" content=\"2026-04-25T06:13:32+00:00\" \/>\n<meta property=\"og:image\" content=\"https:\/\/artgrid.gr\/wp-content\/uploads\/2026\/04\/18.jpg\" \/>\n\t<meta property=\"og:image:width\" content=\"700\" \/>\n\t<meta property=\"og:image:height\" content=\"693\" \/>\n\t<meta property=\"og:image:type\" content=\"image\/jpeg\" \/>\n<meta name=\"twitter:card\" content=\"summary_large_image\" \/>\n<script type=\"application\/ld+json\" class=\"yoast-schema-graph\">{\"@context\":\"https:\/\/schema.org\",\"@graph\":[{\"@type\":\"WebPage\",\"@id\":\"https:\/\/artgrid.gr\/en\/product\/in-the-mammal-of-life\/\",\"url\":\"https:\/\/artgrid.gr\/en\/product\/in-the-mammal-of-life\/\",\"name\":\"In the mammal of Life - ARTgrID\",\"isPartOf\":{\"@id\":\"https:\/\/artgrid.gr\/#website\"},\"primaryImageOfPage\":{\"@id\":\"https:\/\/artgrid.gr\/en\/product\/in-the-mammal-of-life\/#primaryimage\"},\"image\":{\"@id\":\"https:\/\/artgrid.gr\/en\/product\/in-the-mammal-of-life\/#primaryimage\"},\"thumbnailUrl\":\"https:\/\/artgrid.gr\/wp-content\/uploads\/2026\/04\/18.jpg\",\"datePublished\":\"2023-06-26T18:54:40+00:00\",\"dateModified\":\"2026-04-25T06:13:32+00:00\",\"breadcrumb\":{\"@id\":\"https:\/\/artgrid.gr\/en\/product\/in-the-mammal-of-life\/#breadcrumb\"},\"inLanguage\":\"en-US\",\"potentialAction\":[{\"@type\":\"ReadAction\",\"target\":[\"https:\/\/artgrid.gr\/en\/product\/in-the-mammal-of-life\/\"]}]},{\"@type\":\"ImageObject\",\"inLanguage\":\"en-US\",\"@id\":\"https:\/\/artgrid.gr\/en\/product\/in-the-mammal-of-life\/#primaryimage\",\"url\":\"https:\/\/artgrid.gr\/wp-content\/uploads\/2026\/04\/18.jpg\",\"contentUrl\":\"https:\/\/artgrid.gr\/wp-content\/uploads\/2026\/04\/18.jpg\",\"width\":700,\"height\":693},{\"@type\":\"BreadcrumbList\",\"@id\":\"https:\/\/artgrid.gr\/en\/product\/in-the-mammal-of-life\/#breadcrumb\",\"itemListElement\":[{\"@type\":\"ListItem\",\"position\":1,\"name\":\"Home\",\"item\":\"https:\/\/artgrid.gr\/en\/\"},{\"@type\":\"ListItem\",\"position\":2,\"name\":\"\u03a0\u03c1\u03bf\u03ca\u03cc\u03bd\u03c4\u03b1\",\"item\":\"https:\/\/artgrid.gr\/shop\/\"},{\"@type\":\"ListItem\",\"position\":3,\"name\":\"In the mammal of Life\"}]},{\"@type\":\"WebSite\",\"@id\":\"https:\/\/artgrid.gr\/#website\",\"url\":\"https:\/\/artgrid.gr\/\",\"name\":\"ARTgrID\",\"description\":\"Visual arts platform\",\"publisher\":{\"@id\":\"https:\/\/artgrid.gr\/#organization\"},\"potentialAction\":[{\"@type\":\"SearchAction\",\"target\":{\"@type\":\"EntryPoint\",\"urlTemplate\":\"https:\/\/artgrid.gr\/?s={search_term_string}\"},\"query-input\":{\"@type\":\"PropertyValueSpecification\",\"valueRequired\":true,\"valueName\":\"search_term_string\"}}],\"inLanguage\":\"en-US\"},{\"@type\":\"Organization\",\"@id\":\"https:\/\/artgrid.gr\/#organization\",\"name\":\"ARTgrid\",\"url\":\"https:\/\/artgrid.gr\/\",\"logo\":{\"@type\":\"ImageObject\",\"inLanguage\":\"en-US\",\"@id\":\"https:\/\/artgrid.gr\/#\/schema\/logo\/image\/\",\"url\":\"https:\/\/artgrid.gr\/wp-content\/uploads\/2021\/02\/cropped-LogoWebUse-e1616592115846.jpg\",\"contentUrl\":\"https:\/\/artgrid.gr\/wp-content\/uploads\/2021\/02\/cropped-LogoWebUse-e1616592115846.jpg\",\"width\":150,\"height\":150,\"caption\":\"ARTgrid\"},\"image\":{\"@id\":\"https:\/\/artgrid.gr\/#\/schema\/logo\/image\/\"},\"sameAs\":[\"https:\/\/www.facebook.com\/artgrid.gr\"]}]}<\/script>\n<!-- \/ Yoast SEO plugin. -->","yoast_head_json":{"title":"In the mammal of Life - ARTgrID","robots":{"index":"index","follow":"follow","max-snippet":"max-snippet:-1","max-image-preview":"max-image-preview:large","max-video-preview":"max-video-preview:-1"},"canonical":"https:\/\/artgrid.gr\/en\/product\/in-the-mammal-of-life\/","og_locale":"en_US","og_type":"article","og_title":"In the mammal of Life - ARTgrID","og_description":"Chryssoula Demagou is a painter. She was born and raised in Athens, where she lives and works to this day. She is a graduate of the Department of Political Science at Panteion University of Athens, while she also studied French language and culture at the Institut Fran\u00e7ais de Gr\u00e8ce. She pursued long-term private studies in art and worked for several years as an artistic collaborator with Club M\u00e9diterran\u00e9e.  She has presented her work in dozens of exhibitions. Her works are held in private collections. She has been collaborating with ARC - Art Revisited Collective since April 2026.","og_url":"https:\/\/artgrid.gr\/en\/product\/in-the-mammal-of-life\/","og_site_name":"ARTgrID","article_publisher":"https:\/\/www.facebook.com\/artgrid.gr","article_modified_time":"2026-04-25T06:13:32+00:00","og_image":[{"width":700,"height":693,"url":"https:\/\/artgrid.gr\/wp-content\/uploads\/2026\/04\/18.jpg","type":"image\/jpeg"}],"twitter_card":"summary_large_image","schema":{"@context":"https:\/\/schema.org","@graph":[{"@type":"WebPage","@id":"https:\/\/artgrid.gr\/en\/product\/in-the-mammal-of-life\/","url":"https:\/\/artgrid.gr\/en\/product\/in-the-mammal-of-life\/","name":"In the mammal of Life - ARTgrID","isPartOf":{"@id":"https:\/\/artgrid.gr\/#website"},"primaryImageOfPage":{"@id":"https:\/\/artgrid.gr\/en\/product\/in-the-mammal-of-life\/#primaryimage"},"image":{"@id":"https:\/\/artgrid.gr\/en\/product\/in-the-mammal-of-life\/#primaryimage"},"thumbnailUrl":"https:\/\/artgrid.gr\/wp-content\/uploads\/2026\/04\/18.jpg","datePublished":"2023-06-26T18:54:40+00:00","dateModified":"2026-04-25T06:13:32+00:00","breadcrumb":{"@id":"https:\/\/artgrid.gr\/en\/product\/in-the-mammal-of-life\/#breadcrumb"},"inLanguage":"en-US","potentialAction":[{"@type":"ReadAction","target":["https:\/\/artgrid.gr\/en\/product\/in-the-mammal-of-life\/"]}]},{"@type":"ImageObject","inLanguage":"en-US","@id":"https:\/\/artgrid.gr\/en\/product\/in-the-mammal-of-life\/#primaryimage","url":"https:\/\/artgrid.gr\/wp-content\/uploads\/2026\/04\/18.jpg","contentUrl":"https:\/\/artgrid.gr\/wp-content\/uploads\/2026\/04\/18.jpg","width":700,"height":693},{"@type":"BreadcrumbList","@id":"https:\/\/artgrid.gr\/en\/product\/in-the-mammal-of-life\/#breadcrumb","itemListElement":[{"@type":"ListItem","position":1,"name":"Home","item":"https:\/\/artgrid.gr\/en\/"},{"@type":"ListItem","position":2,"name":"\u03a0\u03c1\u03bf\u03ca\u03cc\u03bd\u03c4\u03b1","item":"https:\/\/artgrid.gr\/shop\/"},{"@type":"ListItem","position":3,"name":"In the mammal of Life"}]},{"@type":"WebSite","@id":"https:\/\/artgrid.gr\/#website","url":"https:\/\/artgrid.gr\/","name":"ARTgrID","description":"Visual arts platform","publisher":{"@id":"https:\/\/artgrid.gr\/#organization"},"potentialAction":[{"@type":"SearchAction","target":{"@type":"EntryPoint","urlTemplate":"https:\/\/artgrid.gr\/?s={search_term_string}"},"query-input":{"@type":"PropertyValueSpecification","valueRequired":true,"valueName":"search_term_string"}}],"inLanguage":"en-US"},{"@type":"Organization","@id":"https:\/\/artgrid.gr\/#organization","name":"ARTgrid","url":"https:\/\/artgrid.gr\/","logo":{"@type":"ImageObject","inLanguage":"en-US","@id":"https:\/\/artgrid.gr\/#\/schema\/logo\/image\/","url":"https:\/\/artgrid.gr\/wp-content\/uploads\/2021\/02\/cropped-LogoWebUse-e1616592115846.jpg","contentUrl":"https:\/\/artgrid.gr\/wp-content\/uploads\/2021\/02\/cropped-LogoWebUse-e1616592115846.jpg","width":150,"height":150,"caption":"ARTgrid"},"image":{"@id":"https:\/\/artgrid.gr\/#\/schema\/logo\/image\/"},"sameAs":["https:\/\/www.facebook.com\/artgrid.gr"]}]}},"_links":{"self":[{"href":"https:\/\/artgrid.gr\/en\/wp-json\/wp\/v2\/product\/51314","targetHints":{"allow":["GET"]}}],"collection":[{"href":"https:\/\/artgrid.gr\/en\/wp-json\/wp\/v2\/product"}],"about":[{"href":"https:\/\/artgrid.gr\/en\/wp-json\/wp\/v2\/types\/product"}],"wp:featuredmedia":[{"embeddable":true,"href":"https:\/\/artgrid.gr\/en\/wp-json\/wp\/v2\/media\/51244"}],"wp:attachment":[{"href":"https:\/\/artgrid.gr\/en\/wp-json\/wp\/v2\/media?parent=51314"}],"wp:term":[{"taxonomy":"product_brand","embeddable":true,"href":"https:\/\/artgrid.gr\/en\/wp-json\/wp\/v2\/product_brand?post=51314"},{"taxonomy":"product_cat","embeddable":true,"href":"https:\/\/artgrid.gr\/en\/wp-json\/wp\/v2\/product_cat?post=51314"},{"taxonomy":"product_tag","embeddable":true,"href":"https:\/\/artgrid.gr\/en\/wp-json\/wp\/v2\/product_tag?post=51314"}],"curies":[{"name":"wp","href":"https:\/\/api.w.org\/{rel}","templated":true}]}}